{"id":158,"date":"2010-09-03T11:34:58","date_gmt":"2010-09-03T09:34:58","guid":{"rendered":"https:\/\/blog.laharelkargoa.org"},"modified":"2019-03-01T13:34:49","modified_gmt":"2019-03-01T11:34:49","slug":"contacto","status":"publish","type":"page","link":"https:\/\/blog.laharelkargoa.org\/eu\/contacto\/","title":{"rendered":"Harremana"},"content":{"rendered":"<p>Atal honetan\u00a0<strong>harremanetan jar zaitezke gurekin<\/strong>. Gure gaien inguruko edozein proposamen, zalantza, galdera edo informazio behar duzula ere,\u00a0<strong>hemen eska diezagukezu<\/strong>. Bete ondorengo inprimakia eta zure eskaeraren berri izango dugu.<\/p>\n<p>\n<div class=\"wpcf7 no-js\" id=\"wpcf7-f1392-o1\" lang=\"es-ES\" dir=\"ltr\" data-wpcf7-id=\"1392\">\n<div class=\"screen-reader-response\"><p role=\"status\" aria-live=\"polite\" aria-atomic=\"true\"><\/p> <ul><\/ul><\/div>\n<form action=\"\/eu\/wp-json\/wp\/v2\/pages\/158#wpcf7-f1392-o1\" method=\"post\" class=\"wpcf7-form init\" aria-label=\"Formulario de contacto\" novalidate=\"novalidate\" data-status=\"init\">\n<fieldset class=\"hidden-fields-container\"><input type=\"hidden\" name=\"_wpcf7\" value=\"1392\" \/><input type=\"hidden\" name=\"_wpcf7_version\" value=\"6.1.5\" \/><input type=\"hidden\" name=\"_wpcf7_locale\" value=\"es_ES\" \/><input type=\"hidden\" name=\"_wpcf7_unit_tag\" value=\"wpcf7-f1392-o1\" \/><input type=\"hidden\" name=\"_wpcf7_container_post\" value=\"0\" \/><input type=\"hidden\" name=\"_wpcf7_posted_data_hash\" value=\"\" \/><input type=\"hidden\" name=\"_wpcf7_recaptcha_response\" value=\"\" \/>\n<\/fieldset>\n<p><label> Zure izena (derrigorrez)<br \/>\n<span class=\"wpcf7-form-control-wrap\" data-name=\"your-name\"><input size=\"40\" maxlength=\"400\" class=\"wpcf7-form-control wpcf7-text wpcf7-validates-as-required\" aria-required=\"true\" aria-invalid=\"false\" value=\"\" type=\"text\" name=\"your-name\" \/><\/span> <\/label>\n<\/p>\n<p><label> Zure posta elektronikoa (derrigorrez)<br \/>\n<span class=\"wpcf7-form-control-wrap\" data-name=\"your-email\"><input size=\"40\" maxlength=\"400\" class=\"wpcf7-form-control wpcf7-email wpcf7-validates-as-required wpcf7-text wpcf7-validates-as-email\" aria-required=\"true\" aria-invalid=\"false\" value=\"\" type=\"email\" name=\"your-email\" \/><\/span> <\/label>\n<\/p>\n<p><label> Gaia<br \/>\n<span class=\"wpcf7-form-control-wrap\" data-name=\"your-subject\"><input size=\"40\" maxlength=\"400\" class=\"wpcf7-form-control wpcf7-text\" aria-invalid=\"false\" value=\"\" type=\"text\" name=\"your-subject\" \/><\/span> <\/label>\n<\/p>\n<p><label> Zure mezua<br \/>\n<span class=\"wpcf7-form-control-wrap\" data-name=\"your-message\"><textarea cols=\"40\" rows=\"10\" maxlength=\"2000\" class=\"wpcf7-form-control wpcf7-textarea\" aria-invalid=\"false\" name=\"your-message\"><\/textarea><\/span> <\/label>\n<\/p>\n<p><span class=\"wpcf7-form-control-wrap\" data-name=\"acceptance-910\"><span class=\"wpcf7-form-control wpcf7-acceptance\"><span class=\"wpcf7-list-item\"><label><input type=\"checkbox\" name=\"acceptance-910\" value=\"1\" aria-invalid=\"false\" \/><span class=\"wpcf7-list-item-label\">Pribatasun politika onartzen det.<\/span><\/label><\/span><\/span><\/span>\n<\/p>\n<p><input class=\"wpcf7-form-control wpcf7-submit has-spinner\" type=\"submit\" value=\"Bidali\" \/>\n<\/p>\n<p><small>Los datos personales facilitados voluntariamente por usted, a trav\u00e9s del presente formulario web ser\u00e1n tratados, por LAHAR ELKARGOA, como responsable del tratamiento, con la finalidad de atender su solicitud, consulta, queja o sugerencia, sin que se produzca comunicaciones o cesiones de datos y conservados durante los plazos necesarios para atender su solicitud. Puede usted ejercer los derechos de acceso, rectificaci\u00f3n o supresi\u00f3n de sus datos, dirigi\u00e9ndose a la Calle MAESTRO SANTESTEBAN, 3 1\u00baC, Donostia (Gipuzkoa) para m\u00e1s informaci\u00f3n al respecto, puede consultar nuestra <a target=\"_blank\" href=\"http:\/\/www.laharelkargoa.org\/aviso.html\">Pol\u00edtica de Privacidad<\/a>.<\/small>\n<\/p>\n<p><small>Este sitio est\u00e1 protegido por reCAPTCHA y se aplican la <a target=\"_blank\" href=\"https:\/\/policies.google.com\/privacy\">pol\u00edtica de privacidad<\/a> y <a target=\"_blank\" href=\"https:\/\/policies.google.com\/terms\">t\u00e9rminos del servicio<\/a> de Google.<\/small>\n<\/p><p style=\"display: none !important;\" class=\"akismet-fields-container\" data-prefix=\"_wpcf7_ak_\"><label>&#916;<textarea name=\"_wpcf7_ak_hp_textarea\" cols=\"45\" rows=\"8\" maxlength=\"100\"><\/textarea><\/label><input type=\"hidden\" id=\"ak_js_1\" name=\"_wpcf7_ak_js\" value=\"221\"\/><script>document.getElementById( \"ak_js_1\" ).setAttribute( \"value\", ( new Date() ).getTime() );<\/script><\/p><div class=\"wpcf7-response-output\" aria-hidden=\"true\"><\/div>\n<\/form>\n<\/div>\n<\/p>","protected":false},"excerpt":{"rendered":"<p>Atal honetan\u00a0harremanetan jar zaitezke gurekin. Gure gaien inguruko edozein proposamen, zalantza, galdera edo informazio behar duzula ere,\u00a0hemen eska diezagukezu. Bete ondorengo inprimakia eta zure eskaeraren berri izango dugu.<\/p>\n","protected":false},"author":4,"featured_media":0,"parent":0,"menu_order":0,"comment_status":"closed","ping_status":"closed","template":"","meta":{"footnotes":""},"class_list":["post-158","page","type-page","status-publish","hentry"],"_links":{"self":[{"href":"https:\/\/blog.laharelkargoa.org\/eu\/wp-json\/wp\/v2\/pages\/158","targetHints":{"allow":["GET"]}}],"collection":[{"href":"https:\/\/blog.laharelkargoa.org\/eu\/wp-json\/wp\/v2\/pages"}],"about":[{"href":"https:\/\/blog.laharelkargoa.org\/eu\/wp-json\/wp\/v2\/types\/page"}],"author":[{"embeddable":true,"href":"https:\/\/blog.laharelkargoa.org\/eu\/wp-json\/wp\/v2\/users\/4"}],"replies":[{"embeddable":true,"href":"https:\/\/blog.laharelkargoa.org\/eu\/wp-json\/wp\/v2\/comments?post=158"}],"version-history":[{"count":0,"href":"https:\/\/blog.laharelkargoa.org\/eu\/wp-json\/wp\/v2\/pages\/158\/revisions"}],"wp:attachment":[{"href":"https:\/\/blog.laharelkargoa.org\/eu\/wp-json\/wp\/v2\/media?parent=158"}],"curies":[{"name":"wp","href":"https:\/\/api.w.org\/{rel}","templated":true}]}}