{"id":2,"date":"2010-07-08T08:47:34","date_gmt":"2010-07-08T08:47:34","guid":{"rendered":"https:\/\/blog.laharelkargoa.org\/?page_id=2"},"modified":"2010-09-03T12:05:14","modified_gmt":"2010-09-03T10:05:14","slug":"acerca-de","status":"publish","type":"page","link":"https:\/\/blog.laharelkargoa.org\/eu\/acerca-de\/","title":{"rendered":"Elkargoa"},"content":{"rendered":"<p><\/p>\n<h2>Somos una asociaci\u00f3n sin \u00e1nimo de lucro.<\/h2>\n<p>Somos una organizaci\u00f3n profesional con una evoluci\u00f3n de m\u00e1s de 15 a\u00f1os en el campo psicosocial ofreciendo calidad e innovaci\u00f3n en nuestros servicios.<\/p>\n<p>Realizamos nuestra actividad en el sector de la Intervenci\u00f3n Psicosocial donde nos hemos singularizado principalmente por la orientaci\u00f3n hacia las personas mayores. Tambi\u00e9n aportamos soluciones personalizadas a colectivos diversos como a familias, mujeres, ni\u00f1os\/as, j\u00f3venes y adultos\/as.<\/p>","protected":false},"excerpt":{"rendered":"<p>Somos una asociaci\u00f3n sin \u00e1nimo de lucro. Somos una organizaci\u00f3n profesional con una evoluci\u00f3n de m\u00e1s de 15 a\u00f1os en el campo psicosocial ofreciendo calidad e innovaci\u00f3n en nuestros servicios. Realizamos nuestra actividad en el sector de la Intervenci\u00f3n Psicosocial &hellip; <a href=\"https:\/\/blog.laharelkargoa.org\/eu\/acerca-de\/\">Jarraitu irakurtzen <span class=\"meta-nav\">&rarr;<\/span><\/a><\/p>\n","protected":false},"author":4,"featured_media":0,"parent":0,"menu_order":0,"comment_status":"closed","ping_status":"closed","template":"","meta":{"footnotes":""},"class_list":["post-2","page","type-page","status-publish","hentry"],"_links":{"self":[{"href":"https:\/\/blog.laharelkargoa.org\/eu\/wp-json\/wp\/v2\/pages\/2","targetHints":{"allow":["GET"]}}],"collection":[{"href":"https:\/\/blog.laharelkargoa.org\/eu\/wp-json\/wp\/v2\/pages"}],"about":[{"href":"https:\/\/blog.laharelkargoa.org\/eu\/wp-json\/wp\/v2\/types\/page"}],"author":[{"embeddable":true,"href":"https:\/\/blog.laharelkargoa.org\/eu\/wp-json\/wp\/v2\/users\/4"}],"replies":[{"embeddable":true,"href":"https:\/\/blog.laharelkargoa.org\/eu\/wp-json\/wp\/v2\/comments?post=2"}],"version-history":[{"count":0,"href":"https:\/\/blog.laharelkargoa.org\/eu\/wp-json\/wp\/v2\/pages\/2\/revisions"}],"wp:attachment":[{"href":"https:\/\/blog.laharelkargoa.org\/eu\/wp-json\/wp\/v2\/media?parent=2"}],"curies":[{"name":"wp","href":"https:\/\/api.w.org\/{rel}","templated":true}]}}